{"id":10,"date":"2016-03-30T16:48:58","date_gmt":"2016-03-30T16:48:58","guid":{"rendered":"http:\/\/www.isabelleastier.com\/?page_id=10"},"modified":"2020-01-09T14:35:04","modified_gmt":"2020-01-09T14:35:04","slug":"bio","status":"publish","type":"page","link":"https:\/\/www.isabelleastier.com\/index.php\/bio\/","title":{"rendered":""},"content":{"rendered":"<p><img loading=\"lazy\" decoding=\"async\" class=\"alignleft wp-image-73 size-medium\" src=\"https:\/\/www.isabelleastier.com\/wp-content\/uploads\/2016\/03\/Isabelle-42-NB-201x300.jpg\" alt=\"\" width=\"201\" height=\"300\" srcset=\"https:\/\/www.isabelleastier.com\/wp-content\/uploads\/2016\/03\/Isabelle-42-NB-201x300.jpg 201w, https:\/\/www.isabelleastier.com\/wp-content\/uploads\/2016\/03\/Isabelle-42-NB-768x1147.jpg 768w, https:\/\/www.isabelleastier.com\/wp-content\/uploads\/2016\/03\/Isabelle-42-NB-685x1024.jpg 685w, https:\/\/www.isabelleastier.com\/wp-content\/uploads\/2016\/03\/Isabelle-42-NB-402x600.jpg 402w, https:\/\/www.isabelleastier.com\/wp-content\/uploads\/2016\/03\/Isabelle-42-NB-1600x2390.jpg 1600w\" sizes=\"(max-width: 201px) 100vw, 201px\" \/><\/span><\/p>\n<p><span style=\"color: #ffffff;\">UNE FORMATION RICHE ET DIVERSIFIEE<\/span><\/p>\n<p><span style=\"color: #ffffff;\">Initi\u00e9e \u00e0 l&rsquo;Art par Andr\u00e9 RAVAUTE, Isabelle ASTIER fait des \u00e9tudes de lettres modernes \u00e0 l&rsquo;Universit\u00e9 d&rsquo;Aix-en-Provence, tout en continuant une formation artistique au Conservatoire de la ville. Elle poursuit ensuite des \u00e9tudes d&rsquo;Art dramatique \u00e0 l\u2019\u00c9cole du Passage, \u00e0 Paris, dirig\u00e9e par Niels ARESTRUP, avec Pierre PRADINAS, Alain GAUTRE, Anne ALVARO, Philipe MYNIANA&#8230; Puis en parall\u00e8le, des formations avec Alain KNAPP, Tapa SUDANA.<\/span><\/p>\n<p>&nbsp;<\/p>\n<p><span style=\"color: #ffffff;\">UN PARCOURS PROFESSIONNEL D\u2019ACTRICE, D\u2019AUTEUR, DE METTEUR EN SCENE ET DE FORMATRICE<\/span><\/p>\n<p><span style=\"color: #ffffff;\"> Elle a jou\u00e9 en France et \u00e0 l&rsquo;\u00e9tranger, sous la direction d\u2019une diversit\u00e9 de metteurs en sc\u00e8ne (Philippe MINYANA, Sophie DUPREZ, Marc DE NEGRI, Patrick VERSCHUREN, G\u00fcl GURSES, Ali Ihsan KALECI). Elle a interpr\u00e9t\u00e9 des r\u00f4les dans divers t\u00e9l\u00e9films et \u0153uvres radiophoniques.<\/span><br \/>\n<span style=\"color: #ffffff;\"> Membre du Th\u00e9\u00e2tre de Recherches Saint Blaise \u00e0 Paris, elle a collabor\u00e9 \u00e0 des stages de formation et de perfectionnement, aupr\u00e8s d&rsquo;intermittents du spectacle. Parall\u00e8lement, elle a r\u00e9alis\u00e9 un travail de cr\u00e9ations th\u00e9\u00e2trales, dont le projet \u00abId\u00e9ogramme \u00bb.<\/span><\/p>\n<p><span style=\"color: #ffffff;\"> UNE EXPERIENCE ATYPIQUE DE THEATRE COMMUNAUTAIRE DANS L\u2019ARCHIPEL DE SAINT PIERRE ET MIQUELON ET AU CANADA<\/span><\/p>\n<p><span style=\"color: #ffffff;\"> Depuis 2001, dans l\u2019Archipel de St Pierre et Miquelon aupr\u00e8s de l\u2019association Miquelon CULTURE PATRIMOINE, elle effectue un travail d&rsquo;\u00e9criture th\u00e9\u00e2trale : Jeux de Femmes, Au gr\u00e9 des vents, Ancrage, Mariages en Acadie, Un No\u00ebl pour les Mi&rsquo;kmaqs, Salle de Bal, Des marins dans le Ch\u0153ur\u2026Elle r\u00e9alise des mises en sc\u00e8ne pour un vaste r\u00e9pertoire: I-HOROWITZ, G-FEYDEAU, A TCHEKOV, BARILLET et GREDY&#8230; Les spectacles sont jou\u00e9s \u00e0 Miquelon et \u00e0 St Pierre, parfois au Qu\u00e9bec, au Nouveau Brunswick. Elle a particip\u00e9 en 2014, au CMA, Congr\u00e8s Mondial Acadien et au Festival International du Th\u00e9\u00e2tre Communautaire avec \u00ab Au Gr\u00e9 des vents \u00bb en collaboration avec Alexandra HERNANDEZ. Le documentaire d&rsquo;Anne BONNEAU, \u00ab Un th\u00e9\u00e2tre en hiver \u00bb 52 mn, RFO et Beta Prod, retrace la port\u00e9e sociologique et artistique de cette d\u00e9marche, diffusions sur France \u00f4, SPM, et dans divers festivals dont le Festival du Th\u00e9\u00e2tre insulaire \u00e0 Groix. Formatrice aux Ateliers Prim&rsquo;heur et au Festival du Th\u00e9\u00e2tre Communautaire du Nouveau-Brunswick, membre puis pr\u00e9sidente du Jury lors des Festivals. Intervenante au \u00ab Laboratoire du Th\u00e9\u00e2tre Citoyen \u00bb \u00e0 Moncton. A l\u2019\u00e9t\u00e9 2016, elle a mis en sc\u00e8ne la r\u00e9trocession des \u00eeles de Saint Pierre et Miquelon \u00e0 la France, mobilisant \u00e0 cet effet les descendants des miquelonnais de 1816 et une go\u00e9lette de la marine nationale.<\/span><\/p>\n<p><span style=\"color: #ffffff;\"> UN ENGAGEMENT ARTISTIQUE<\/span><\/p>\n<p><span style=\"color: #ffffff;\"> R\u00e9cemment, elle a \u00e9crit et mis en sc\u00e8ne SAUDADE, pour le Centre Social d\u2019Espace Libre. Elle s\u2019est produite en tant que com\u00e9dienne \u00e0 Aix en Provence sous la direction de Karin STAUTLAND (Rendez-vous chez Nina GRIEG).<\/span><br \/>\n<span style=\"color: #ffffff;\"> Elle a mis en sc\u00e8ne dans les Landes L\u2019Iscouagan, spectacle musical d\u2019Alexandra HERNANDEZ et Jonathan MATHIS.<\/span><\/p>\n<p><span style=\"color: #ffffff;\"> Elle a \u00e9galement \u00e9crit et mis en sc\u00e8ne \u00ab Nos premiers mai en f\u00eate \u00bb, une reconstitution historique des ann\u00e9es 1936 et 1946, mais \u00e9galement \u00ab La nuit des femmes \u00bb, deux spectacles qui s\u2019interrogent sur les avanc\u00e9es de l\u2019\u00e9mancipation f\u00e9minine.<\/span><\/p>\n<p><span style=\"color: #ffffff;\"> Le num\u00e9ro 51 de la revue \u00ab Atelier th\u00e9\u00e2tre \u00bb retrace son parcours professionnel. <a href=\"http:\/\/editions-agapante.com\/\">http:\/\/editions-agapante.com\/<\/a><\/span><\/p>\n<p><\/span><\/p>\n","protected":false},"excerpt":{"rendered":"<p>UNE FORMATION RICHE ET DIVERSIFIEE Initi\u00e9e \u00e0 l&rsquo;Art par Andr\u00e9 RAVAUTE, Isabelle ASTIER fait des \u00e9tudes de lettres modernes \u00e0 l&rsquo;Universit\u00e9 d&rsquo;Aix-en-Provence, tout en continuant une formation artistique au Conservatoire de la ville. Elle poursuit ensuite des \u00e9tudes d&rsquo;Art dramatique \u00e0 l\u2019\u00c9cole du Passage, \u00e0 Paris, dirig\u00e9e par Niels ARESTRUP, avec Pierre PRADINAS, Alain GAUTRE, [&hellip;]<\/p>\n","protected":false},"author":1,"featured_media":0,"parent":0,"menu_order":0,"comment_status":"closed","ping_status":"closed","template":"","meta":{"footnotes":""},"yoast_head":"<!-- This site is optimized with the Yoast SEO plugin v17.2.1 - https:\/\/yoast.com\/wordpress\/plugins\/seo\/ -->\n<title>- Isabelle Astier<\/title>\n<meta name=\"robots\" content=\"index, follow, max-snippet:-1, max-image-preview:large, max-video-preview:-1\" \/>\n<link rel=\"canonical\" href=\"https:\/\/www.isabelleastier.com\/index.php\/bio\/\" \/>\n<meta property=\"og:locale\" content=\"fr_FR\" \/>\n<meta property=\"og:type\" content=\"article\" \/>\n<meta property=\"og:title\" content=\"- Isabelle Astier\" \/>\n<meta property=\"og:description\" content=\"UNE FORMATION RICHE ET DIVERSIFIEE Initi\u00e9e \u00e0 l&rsquo;Art par Andr\u00e9 RAVAUTE, Isabelle ASTIER fait des \u00e9tudes de lettres modernes \u00e0 l&rsquo;Universit\u00e9 d&rsquo;Aix-en-Provence, tout en continuant une formation artistique au Conservatoire de la ville. Elle poursuit ensuite des \u00e9tudes d&rsquo;Art dramatique \u00e0 l\u2019\u00c9cole du Passage, \u00e0 Paris, dirig\u00e9e par Niels ARESTRUP, avec Pierre PRADINAS, Alain GAUTRE, [&hellip;]\" \/>\n<meta property=\"og:url\" content=\"https:\/\/www.isabelleastier.com\/index.php\/bio\/\" \/>\n<meta property=\"og:site_name\" content=\"Isabelle Astier\" \/>\n<meta property=\"article:modified_time\" content=\"2020-01-09T14:35:04+00:00\" \/>\n<meta property=\"og:image\" content=\"http:\/\/www.isabelleastier.com\/wp-content\/uploads\/2016\/03\/Isabelle-42-NB-201x300.jpg\" \/>\n<meta name=\"twitter:card\" content=\"summary_large_image\" \/>\n<meta name=\"twitter:label1\" content=\"Dur\u00e9e de lecture estim\u00e9e\" \/>\n\t<meta name=\"twitter:data1\" content=\"3 minutes\" \/>\n<script type=\"application\/ld+json\" class=\"yoast-schema-graph\">{\"@context\":\"https:\/\/schema.org\",\"@graph\":[{\"@type\":[\"Person\",\"Organization\"],\"@id\":\"https:\/\/www.isabelleastier.com\/#\/schema\/person\/d7c3df3ea0b25663d696b7832336bb1f\",\"name\":\"isabelle\",\"image\":{\"@type\":\"ImageObject\",\"@id\":\"https:\/\/www.isabelleastier.com\/#personlogo\",\"inLanguage\":\"fr-FR\",\"url\":\"https:\/\/secure.gravatar.com\/avatar\/79ee911a27ab0aaa43be321997ecb101?s=96&d=mm&r=g\",\"contentUrl\":\"https:\/\/secure.gravatar.com\/avatar\/79ee911a27ab0aaa43be321997ecb101?s=96&d=mm&r=g\",\"caption\":\"isabelle\"},\"logo\":{\"@id\":\"https:\/\/www.isabelleastier.com\/#personlogo\"}},{\"@type\":\"WebSite\",\"@id\":\"https:\/\/www.isabelleastier.com\/#website\",\"url\":\"https:\/\/www.isabelleastier.com\/\",\"name\":\"Isabelle Astier\",\"description\":\"\",\"publisher\":{\"@id\":\"https:\/\/www.isabelleastier.com\/#\/schema\/person\/d7c3df3ea0b25663d696b7832336bb1f\"},\"potentialAction\":[{\"@type\":\"SearchAction\",\"target\":{\"@type\":\"EntryPoint\",\"urlTemplate\":\"https:\/\/www.isabelleastier.com\/?s={search_term_string}\"},\"query-input\":\"required name=search_term_string\"}],\"inLanguage\":\"fr-FR\"},{\"@type\":\"ImageObject\",\"@id\":\"https:\/\/www.isabelleastier.com\/index.php\/bio\/#primaryimage\",\"inLanguage\":\"fr-FR\",\"url\":\"http:\/\/www.isabelleastier.com\/wp-content\/uploads\/2016\/03\/Isabelle-42-NB-201x300.jpg\",\"contentUrl\":\"http:\/\/www.isabelleastier.com\/wp-content\/uploads\/2016\/03\/Isabelle-42-NB-201x300.jpg\"},{\"@type\":\"WebPage\",\"@id\":\"https:\/\/www.isabelleastier.com\/index.php\/bio\/#webpage\",\"url\":\"https:\/\/www.isabelleastier.com\/index.php\/bio\/\",\"name\":\"- Isabelle Astier\",\"isPartOf\":{\"@id\":\"https:\/\/www.isabelleastier.com\/#website\"},\"primaryImageOfPage\":{\"@id\":\"https:\/\/www.isabelleastier.com\/index.php\/bio\/#primaryimage\"},\"datePublished\":\"2016-03-30T16:48:58+00:00\",\"dateModified\":\"2020-01-09T14:35:04+00:00\",\"breadcrumb\":{\"@id\":\"https:\/\/www.isabelleastier.com\/index.php\/bio\/#breadcrumb\"},\"inLanguage\":\"fr-FR\",\"potentialAction\":[{\"@type\":\"ReadAction\",\"target\":[\"https:\/\/www.isabelleastier.com\/index.php\/bio\/\"]}]},{\"@type\":\"BreadcrumbList\",\"@id\":\"https:\/\/www.isabelleastier.com\/index.php\/bio\/#breadcrumb\",\"itemListElement\":[{\"@type\":\"ListItem\",\"position\":1,\"name\":\"Accueil\",\"item\":\"https:\/\/www.isabelleastier.com\/\"},{\"@type\":\"ListItem\",\"position\":2,\"name\":\"\"}]}]}<\/script>\n<!-- \/ Yoast SEO plugin. -->","yoast_head_json":{"title":"- Isabelle Astier","robots":{"index":"index","follow":"follow","max-snippet":"max-snippet:-1","max-image-preview":"max-image-preview:large","max-video-preview":"max-video-preview:-1"},"canonical":"https:\/\/www.isabelleastier.com\/index.php\/bio\/","og_locale":"fr_FR","og_type":"article","og_title":"- Isabelle Astier","og_description":"UNE FORMATION RICHE ET DIVERSIFIEE Initi\u00e9e \u00e0 l&rsquo;Art par Andr\u00e9 RAVAUTE, Isabelle ASTIER fait des \u00e9tudes de lettres modernes \u00e0 l&rsquo;Universit\u00e9 d&rsquo;Aix-en-Provence, tout en continuant une formation artistique au Conservatoire de la ville. Elle poursuit ensuite des \u00e9tudes d&rsquo;Art dramatique \u00e0 l\u2019\u00c9cole du Passage, \u00e0 Paris, dirig\u00e9e par Niels ARESTRUP, avec Pierre PRADINAS, Alain GAUTRE, [&hellip;]","og_url":"https:\/\/www.isabelleastier.com\/index.php\/bio\/","og_site_name":"Isabelle Astier","article_modified_time":"2020-01-09T14:35:04+00:00","og_image":[{"url":"http:\/\/www.isabelleastier.com\/wp-content\/uploads\/2016\/03\/Isabelle-42-NB-201x300.jpg"}],"twitter_card":"summary_large_image","twitter_misc":{"Dur\u00e9e de lecture estim\u00e9e":"3 minutes"},"schema":{"@context":"https:\/\/schema.org","@graph":[{"@type":["Person","Organization"],"@id":"https:\/\/www.isabelleastier.com\/#\/schema\/person\/d7c3df3ea0b25663d696b7832336bb1f","name":"isabelle","image":{"@type":"ImageObject","@id":"https:\/\/www.isabelleastier.com\/#personlogo","inLanguage":"fr-FR","url":"https:\/\/secure.gravatar.com\/avatar\/79ee911a27ab0aaa43be321997ecb101?s=96&d=mm&r=g","contentUrl":"https:\/\/secure.gravatar.com\/avatar\/79ee911a27ab0aaa43be321997ecb101?s=96&d=mm&r=g","caption":"isabelle"},"logo":{"@id":"https:\/\/www.isabelleastier.com\/#personlogo"}},{"@type":"WebSite","@id":"https:\/\/www.isabelleastier.com\/#website","url":"https:\/\/www.isabelleastier.com\/","name":"Isabelle Astier","description":"","publisher":{"@id":"https:\/\/www.isabelleastier.com\/#\/schema\/person\/d7c3df3ea0b25663d696b7832336bb1f"},"potentialAction":[{"@type":"SearchAction","target":{"@type":"EntryPoint","urlTemplate":"https:\/\/www.isabelleastier.com\/?s={search_term_string}"},"query-input":"required name=search_term_string"}],"inLanguage":"fr-FR"},{"@type":"ImageObject","@id":"https:\/\/www.isabelleastier.com\/index.php\/bio\/#primaryimage","inLanguage":"fr-FR","url":"http:\/\/www.isabelleastier.com\/wp-content\/uploads\/2016\/03\/Isabelle-42-NB-201x300.jpg","contentUrl":"http:\/\/www.isabelleastier.com\/wp-content\/uploads\/2016\/03\/Isabelle-42-NB-201x300.jpg"},{"@type":"WebPage","@id":"https:\/\/www.isabelleastier.com\/index.php\/bio\/#webpage","url":"https:\/\/www.isabelleastier.com\/index.php\/bio\/","name":"- Isabelle Astier","isPartOf":{"@id":"https:\/\/www.isabelleastier.com\/#website"},"primaryImageOfPage":{"@id":"https:\/\/www.isabelleastier.com\/index.php\/bio\/#primaryimage"},"datePublished":"2016-03-30T16:48:58+00:00","dateModified":"2020-01-09T14:35:04+00:00","breadcrumb":{"@id":"https:\/\/www.isabelleastier.com\/index.php\/bio\/#breadcrumb"},"inLanguage":"fr-FR","potentialAction":[{"@type":"ReadAction","target":["https:\/\/www.isabelleastier.com\/index.php\/bio\/"]}]},{"@type":"BreadcrumbList","@id":"https:\/\/www.isabelleastier.com\/index.php\/bio\/#breadcrumb","itemListElement":[{"@type":"ListItem","position":1,"name":"Accueil","item":"https:\/\/www.isabelleastier.com\/"},{"@type":"ListItem","position":2,"name":""}]}]}},"_links":{"self":[{"href":"https:\/\/www.isabelleastier.com\/index.php\/wp-json\/wp\/v2\/pages\/10"}],"collection":[{"href":"https:\/\/www.isabelleastier.com\/index.php\/wp-json\/wp\/v2\/pages"}],"about":[{"href":"https:\/\/www.isabelleastier.com\/index.php\/wp-json\/wp\/v2\/types\/page"}],"author":[{"embeddable":true,"href":"https:\/\/www.isabelleastier.com\/index.php\/wp-json\/wp\/v2\/users\/1"}],"replies":[{"embeddable":true,"href":"https:\/\/www.isabelleastier.com\/index.php\/wp-json\/wp\/v2\/comments?post=10"}],"version-history":[{"count":19,"href":"https:\/\/www.isabelleastier.com\/index.php\/wp-json\/wp\/v2\/pages\/10\/revisions"}],"predecessor-version":[{"id":402,"href":"https:\/\/www.isabelleastier.com\/index.php\/wp-json\/wp\/v2\/pages\/10\/revisions\/402"}],"wp:attachment":[{"href":"https:\/\/www.isabelleastier.com\/index.php\/wp-json\/wp\/v2\/media?parent=10"}],"curies":[{"name":"wp","href":"https:\/\/api.w.org\/{rel}","templated":true}]}}